{"id":498,"date":"2018-05-03T15:27:11","date_gmt":"2018-05-03T04:27:11","guid":{"rendered":"https:\/\/korail.nc\/?page_id=498"},"modified":"2020-05-04T11:01:19","modified_gmt":"2020-05-04T00:01:19","slug":"korail-paita","status":"publish","type":"page","link":"https:\/\/korail.nc\/en\/korail-paita\/","title":{"rendered":"Korail Pa\u00efta"},"content":{"rendered":"<h2>Korail Pa\u00efta<\/h2>\n<div class=\"informations\">\n<div class=\"column column1\">\n<h4 style=\"text-align: left;\"><i class=\"fa fa-map-o\"><\/i> Address<\/h4>\n<div style=\"text-align: left;\"><span class=\"_2iem\">Centre Commercial Andr\u00e9e Abel<\/span><\/div>\n<div>58 B &#8211; RT1 Village<\/div>\n<div style=\"text-align: left;\"><span class=\"_2iem\">98889 Pa\u00efta<\/span><\/div>\n<div style=\"text-align: left;\"><a href=\"#plan\"><span class=\"_2iem\"><i class=\"fa fa-map-marker\"><\/i> See on the map<\/span><\/a><\/div>\n<\/div>\n<div class=\"column column2\">\n<h4 style=\"text-align: left;\"><i class=\"fa fa-clock-o\"><\/i> Opening hours<\/h4>\n<div style=\"text-align: left;\"><span class=\"_2iem\">Monday-Saturday\u00a0: 7h30-19h30<\/span><\/div>\n<div style=\"text-align: left;\"><span class=\"_2iem\">Sunday\u00a0: 7h30-12h00<\/span><\/div>\n<\/div>\n<\/div>\n<h4>Your Korail supermarket in the centre of the village of Pa\u00efta\u00a0!<\/h4>\n<p><img loading=\"lazy\" decoding=\"async\" class=\"alignnone wp-image-1378 size-full\" src=\"..\/wp-content\/uploads\/2018\/06\/DSC_0036-cutted.jpg\" alt=\"Side photo of the front of the supermarket\" width=\"1100\" height=\"558\" srcset=\"https:\/\/korail.nc\/wp-content\/uploads\/2018\/06\/DSC_0036-cutted.jpg 1100w, https:\/\/korail.nc\/wp-content\/uploads\/2018\/06\/DSC_0036-cutted-300x152.jpg 300w, https:\/\/korail.nc\/wp-content\/uploads\/2018\/06\/DSC_0036-cutted-768x390.jpg 768w, https:\/\/korail.nc\/wp-content\/uploads\/2018\/06\/DSC_0036-cutted-1024x519.jpg 1024w\" sizes=\"auto, (max-width: 1100px) 100vw, 1100px\" \/><br \/>\nOpened at the end of 2017, Korail Pa\u00efta offers a wide range of products at the best value for money, on a surface of 550m\u00b2.<br \/>\nYou will find the following products and services\u00a0:<\/p>\n<ul>\n<li>fresh products<\/li>\n<li>wine cellar<\/li>\n<li>butchery<\/li>\n<li>fruits and vegetables<\/li>\n<li>hot spot (bread&#8230;)<\/li>\n<li>frozen products<\/li>\n<li>general food<\/li>\n<li>BCI ATM<\/li>\n<\/ul>\n<p><img loading=\"lazy\" decoding=\"async\" class=\"alignnone wp-image-1443 size-full\" src=\"..\/wp-content\/uploads\/2018\/06\/DSC_0001-1.jpg\" alt=\"Photo of the fa\u00e7ade of Korail Pa\u00efta\" width=\"1059\" height=\"515\" srcset=\"https:\/\/korail.nc\/wp-content\/uploads\/2018\/06\/DSC_0001-1.jpg 1059w, https:\/\/korail.nc\/wp-content\/uploads\/2018\/06\/DSC_0001-1-300x146.jpg 300w, https:\/\/korail.nc\/wp-content\/uploads\/2018\/06\/DSC_0001-1-768x373.jpg 768w, https:\/\/korail.nc\/wp-content\/uploads\/2018\/06\/DSC_0001-1-1024x498.jpg 1024w\" sizes=\"auto, (max-width: 1059px) 100vw, 1059px\" \/><\/p>\n<h4 id=\"plan\" style=\"text-align: left;\">Access map<\/h4>\n<p><iframe loading=\"lazy\" class=\"map\" style=\"border: 0;\" src=\"https:\/\/www.google.com\/maps\/embed?pb=!1m18!1m12!1m3!1d15844.620994734674!2d166.35465825454585!3d-22.1302160143327!2m3!1f0!2f0!3f0!3m2!1i1024!2i768!4f13.1!3m3!1m2!1s0x6c27feacca01399b%3A0xeb1a76acae8d8307!2sKorail+Paita!5e0!3m2!1sfr!2s!4v1524787469180\" width=\"600\" height=\"450\" frameborder=\"0\" allowfullscreen=\"allowfullscreen\"><\/iframe><\/p>\n<p id=\"lienContact\"><a href=\"\/en\/contact\/#paita\">Contact Korail Pa\u00efta<\/a><\/p>\n","protected":false},"excerpt":{"rendered":"<p>Korail Pa\u00efta Address Centre Commercial Andr\u00e9e Abel 58 B &#8211; RT1 Village 98889 Pa\u00efta See on the map Opening hours Monday-Saturday\u00a0: 7h30-19h30 Sunday\u00a0: 7h30-12h00 Your Korail supermarket in the centre of the village of Pa\u00efta\u00a0! Opened at the end of 2017, Korail Pa\u00efta offers a wide range of products at the best value for money, [&hellip;]<\/p>\n","protected":false},"author":1,"featured_media":0,"parent":0,"menu_order":2,"comment_status":"closed","ping_status":"closed","template":"template-page-standard.php","meta":{"_locale":"en_US","_original_post":"121","footnotes":""},"class_list":["post-498","page","type-page","status-publish","hentry","en-US"],"yoast_head":"<!-- This site is optimized with the Yoast SEO plugin v25.1 - https:\/\/yoast.com\/wordpress\/plugins\/seo\/ -->\n<title>Korail Pa\u00efta &#8211; Korail, Caledonian supermarket network<\/title>\n<meta name=\"description\" content=\"Your Korail supermarket in the centre of the village of Pa\u00efta ! Open Monday to Saturday from 7h30 to 19h30 and Sunday from 7h30 to 12h00.\" \/>\n<meta name=\"robots\" content=\"index, follow, max-snippet:-1, max-image-preview:large, max-video-preview:-1\" \/>\n<link rel=\"canonical\" href=\"https:\/\/korail.nc\/en\/korail-paita\/\" \/>\n<meta property=\"og:locale\" content=\"en_US\" \/>\n<meta property=\"og:type\" content=\"article\" \/>\n<meta property=\"og:title\" content=\"Korail Pa\u00efta &#8211; Korail, Caledonian supermarket network\" \/>\n<meta property=\"og:description\" content=\"Your Korail supermarket in the centre of the village of Pa\u00efta ! Open Monday to Saturday from 7h30 to 19h30 and Sunday from 7h30 to 12h00.\" \/>\n<meta property=\"og:url\" content=\"https:\/\/korail.nc\/en\/korail-paita\/\" \/>\n<meta property=\"og:site_name\" content=\"Korail\" \/>\n<meta property=\"article:publisher\" content=\"https:\/\/www.facebook.com\/korailpdf\" \/>\n<meta property=\"article:modified_time\" content=\"2020-05-04T00:01:19+00:00\" \/>\n<meta name=\"twitter:card\" content=\"summary_large_image\" \/>\n<script type=\"application\/ld+json\" class=\"yoast-schema-graph\">{\"@context\":\"https:\/\/schema.org\",\"@graph\":[{\"@type\":\"WebPage\",\"@id\":\"https:\/\/korail.nc\/en\/korail-paita\/\",\"url\":\"https:\/\/korail.nc\/en\/korail-paita\/\",\"name\":\"Korail Pa\u00efta &#8211; Korail, Caledonian supermarket network\",\"isPartOf\":{\"@id\":\"https:\/\/korail.nc\/#website\"},\"datePublished\":\"2018-05-03T04:27:11+00:00\",\"dateModified\":\"2020-05-04T00:01:19+00:00\",\"description\":\"Your Korail supermarket in the centre of the village of Pa\u00efta ! Open Monday to Saturday from 7h30 to 19h30 and Sunday from 7h30 to 12h00.\",\"breadcrumb\":{\"@id\":\"https:\/\/korail.nc\/en\/korail-paita\/#breadcrumb\"},\"inLanguage\":\"en-US\",\"potentialAction\":[{\"@type\":\"ReadAction\",\"target\":[\"https:\/\/korail.nc\/en\/korail-paita\/\"]}]},{\"@type\":\"BreadcrumbList\",\"@id\":\"https:\/\/korail.nc\/en\/korail-paita\/#breadcrumb\",\"itemListElement\":[{\"@type\":\"ListItem\",\"position\":1,\"name\":\"\",\"item\":\"https:\/\/korail.nc\/en\/\"},{\"@type\":\"ListItem\",\"position\":2,\"name\":\"Korail Pa\u00efta\"}]},{\"@type\":\"WebSite\",\"@id\":\"https:\/\/korail.nc\/#website\",\"url\":\"https:\/\/korail.nc\/\",\"name\":\"Korail\",\"description\":\"\",\"publisher\":{\"@id\":\"https:\/\/korail.nc\/#organization\"},\"potentialAction\":[{\"@type\":\"SearchAction\",\"target\":{\"@type\":\"EntryPoint\",\"urlTemplate\":\"https:\/\/korail.nc\/?s={search_term_string}\"},\"query-input\":{\"@type\":\"PropertyValueSpecification\",\"valueRequired\":true,\"valueName\":\"search_term_string\"}}],\"inLanguage\":\"en-US\"},{\"@type\":\"Organization\",\"@id\":\"https:\/\/korail.nc\/#organization\",\"name\":\"Korail Supermarch\u00e9\",\"url\":\"https:\/\/korail.nc\/\",\"logo\":{\"@type\":\"ImageObject\",\"inLanguage\":\"en-US\",\"@id\":\"https:\/\/korail.nc\/#\/schema\/logo\/image\/\",\"url\":\"https:\/\/korail.nc\/wp-content\/uploads\/2018\/04\/Korail-Supermarche_Reverse-Orange_RGB.png\",\"contentUrl\":\"https:\/\/korail.nc\/wp-content\/uploads\/2018\/04\/Korail-Supermarche_Reverse-Orange_RGB.png\",\"width\":1200,\"height\":624,\"caption\":\"Korail Supermarch\u00e9\"},\"image\":{\"@id\":\"https:\/\/korail.nc\/#\/schema\/logo\/image\/\"},\"sameAs\":[\"https:\/\/www.facebook.com\/korailpdf\"]}]}<\/script>\n<!-- \/ Yoast SEO plugin. -->","yoast_head_json":{"title":"Korail Pa\u00efta &#8211; Korail, Caledonian supermarket network","description":"Your Korail supermarket in the centre of the village of Pa\u00efta ! Open Monday to Saturday from 7h30 to 19h30 and Sunday from 7h30 to 12h00.","robots":{"index":"index","follow":"follow","max-snippet":"max-snippet:-1","max-image-preview":"max-image-preview:large","max-video-preview":"max-video-preview:-1"},"canonical":"https:\/\/korail.nc\/en\/korail-paita\/","og_locale":"en_US","og_type":"article","og_title":"Korail Pa\u00efta &#8211; Korail, Caledonian supermarket network","og_description":"Your Korail supermarket in the centre of the village of Pa\u00efta ! Open Monday to Saturday from 7h30 to 19h30 and Sunday from 7h30 to 12h00.","og_url":"https:\/\/korail.nc\/en\/korail-paita\/","og_site_name":"Korail","article_publisher":"https:\/\/www.facebook.com\/korailpdf","article_modified_time":"2020-05-04T00:01:19+00:00","twitter_card":"summary_large_image","schema":{"@context":"https:\/\/schema.org","@graph":[{"@type":"WebPage","@id":"https:\/\/korail.nc\/en\/korail-paita\/","url":"https:\/\/korail.nc\/en\/korail-paita\/","name":"Korail Pa\u00efta &#8211; Korail, Caledonian supermarket network","isPartOf":{"@id":"https:\/\/korail.nc\/#website"},"datePublished":"2018-05-03T04:27:11+00:00","dateModified":"2020-05-04T00:01:19+00:00","description":"Your Korail supermarket in the centre of the village of Pa\u00efta ! Open Monday to Saturday from 7h30 to 19h30 and Sunday from 7h30 to 12h00.","breadcrumb":{"@id":"https:\/\/korail.nc\/en\/korail-paita\/#breadcrumb"},"inLanguage":"en-US","potentialAction":[{"@type":"ReadAction","target":["https:\/\/korail.nc\/en\/korail-paita\/"]}]},{"@type":"BreadcrumbList","@id":"https:\/\/korail.nc\/en\/korail-paita\/#breadcrumb","itemListElement":[{"@type":"ListItem","position":1,"name":"","item":"https:\/\/korail.nc\/en\/"},{"@type":"ListItem","position":2,"name":"Korail Pa\u00efta"}]},{"@type":"WebSite","@id":"https:\/\/korail.nc\/#website","url":"https:\/\/korail.nc\/","name":"Korail","description":"","publisher":{"@id":"https:\/\/korail.nc\/#organization"},"potentialAction":[{"@type":"SearchAction","target":{"@type":"EntryPoint","urlTemplate":"https:\/\/korail.nc\/?s={search_term_string}"},"query-input":{"@type":"PropertyValueSpecification","valueRequired":true,"valueName":"search_term_string"}}],"inLanguage":"en-US"},{"@type":"Organization","@id":"https:\/\/korail.nc\/#organization","name":"Korail Supermarch\u00e9","url":"https:\/\/korail.nc\/","logo":{"@type":"ImageObject","inLanguage":"en-US","@id":"https:\/\/korail.nc\/#\/schema\/logo\/image\/","url":"https:\/\/korail.nc\/wp-content\/uploads\/2018\/04\/Korail-Supermarche_Reverse-Orange_RGB.png","contentUrl":"https:\/\/korail.nc\/wp-content\/uploads\/2018\/04\/Korail-Supermarche_Reverse-Orange_RGB.png","width":1200,"height":624,"caption":"Korail Supermarch\u00e9"},"image":{"@id":"https:\/\/korail.nc\/#\/schema\/logo\/image\/"},"sameAs":["https:\/\/www.facebook.com\/korailpdf"]}]}},"_links":{"self":[{"href":"https:\/\/korail.nc\/wp-json\/wp\/v2\/pages\/498","targetHints":{"allow":["GET"]}}],"collection":[{"href":"https:\/\/korail.nc\/wp-json\/wp\/v2\/pages"}],"about":[{"href":"https:\/\/korail.nc\/wp-json\/wp\/v2\/types\/page"}],"author":[{"embeddable":true,"href":"https:\/\/korail.nc\/wp-json\/wp\/v2\/users\/1"}],"replies":[{"embeddable":true,"href":"https:\/\/korail.nc\/wp-json\/wp\/v2\/comments?post=498"}],"version-history":[{"count":0,"href":"https:\/\/korail.nc\/wp-json\/wp\/v2\/pages\/498\/revisions"}],"wp:attachment":[{"href":"https:\/\/korail.nc\/wp-json\/wp\/v2\/media?parent=498"}],"curies":[{"name":"wp","href":"https:\/\/api.w.org\/{rel}","templated":true}]}}