{"id":502,"date":"2018-05-03T15:28:41","date_gmt":"2018-05-03T04:28:41","guid":{"rendered":"https:\/\/korail.nc\/?page_id=502"},"modified":"2021-03-03T18:05:57","modified_gmt":"2021-03-03T07:05:57","slug":"mentions-legales","status":"publish","type":"page","link":"https:\/\/korail.nc\/en\/mentions-legales\/","title":{"rendered":"Legal Notices"},"content":{"rendered":"<h2>Legal Notices<\/h2>\n<div class=\"mentionslegales\">\n<h3>1. Website presentation<\/h3>\n<p>In accordance with the acticles 6-III and 19 of the law n\u00b0 2004-575, 21 juin 2004 for the\u00a0confidence in the digital economy (L.C.E.N.), we provide the following information to users an visitors of\u00a0<a href=\"https:\/\/korail.nc\">www.korail.nc<\/a>\u00a0:<\/p>\n<h4>Legal information\u00a0:<\/h4>\n<h5>Korail Baco\u00a0:<\/h5>\n<div class=\"infosLegalesMagasin\"><strong>Company name\u00a0:<\/strong>\u00a0STS BACO<br \/>\n<strong>Legal form\u00a0:<\/strong> SARL<br \/>\n<strong>Head office address\u00a0:<\/strong> Lot 3 PIE section Poamba 98860 Kon\u00e9, Nouvelle-Cal\u00e9donie<br \/>\n<strong>Social capital\u00a0:<\/strong> 1 000 000 Franc CFP<br \/>\n<strong>Email address\u00a0:<\/strong> <a href=\"mailto:korail@mls.nc?subject=Contact \u00e0 partir des mentions l\u00e9gales de www.korail.nc\">korail@mls.nc<\/a><br \/>\n<strong>Phone number\u00a0:<\/strong> (+687) 29 83 44<br \/>\n<strong>Commercial and Companies registry\u00a0number\u00a0:\u00a0<\/strong>001 370 311 R.C.S. Noum\u00e9a<\/div>\n<h5>Korail Dumb\u00e9a\u00a0:<\/h5>\n<div class=\"infosLegalesMagasin\"><strong>Company name\u00a0:<\/strong> KORAIL MARKET<br \/>\n<strong>Legal form\u00a0:<\/strong> SARL<br \/>\n<strong>Head office address\u00a0:<\/strong>\u00a0Lot 162 Zac Panda, Dumb\u00e9a-Sur-Mer, 98803 Noum\u00e9a, Nouvelle-Cal\u00e9donie<br \/>\n<strong>Social capital\u00a0:\u00a0<\/strong>1 000 000 Franc CFP<br \/>\n<strong>Email address\u00a0:<\/strong> <a href=\"mailto:korail@mls.nc?subject=Contact \u00e0 partir des mentions l\u00e9gales de www.korail.nc\">korail@mls.nc<\/a><br \/>\n<strong>Phone number\u00a0:<\/strong> (+687) 44 96 41<br \/>\n<strong>Commercial and Companies registry\u00a0number\u00a0:<\/strong>\u00a0R.C.S. NOUMEA 2012 B 1 118 025 (2012 B 297)<\/div>\n<h5>Korail Lifou\u00a0:<\/h5>\n<div class=\"infosLegalesMagasin\"><strong>Company name\u00a0:<\/strong>\u00a0SOCIETE KORAIL ALIMENTATION SARL<br \/>\n<strong>Legal form\u00a0:<\/strong> SARL<br \/>\n<strong>Head office address\u00a0:<\/strong>\u00a0Tribu de Qanono, 98820 Lifou, Nouvelle-Cal\u00e9donie<br \/>\n<strong>Social capital\u00a0:<\/strong> 1 000 000 Franc CFP<br \/>\n<strong>Email address\u00a0:<\/strong> <a href=\"mailto:korail@mls.nc?subject=Contact \u00e0 partir des mentions l\u00e9gales de www.korail.nc\">korail@mls.nc<\/a><br \/>\n<strong>Phone number\u00a0:<\/strong> (+687) 45 05 70<br \/>\n<strong>Commercial and Companies registry\u00a0number\u00a0:<\/strong> 000 599 142 R.C.S. Noum\u00e9a<\/div>\n<h5>Korail Pa\u00efta\u00a0:<\/h5>\n<div class=\"infosLegalesMagasin\"><strong>Company name\u00a0:<\/strong> AUGUSTE<br \/>\n<strong>Legal form\u00a0:<\/strong> SARL<br \/>\n<strong>Head office address\u00a0:<\/strong> 6, morcellement Charles Pouillet, Mont-Mou, 98890 Pa\u00efta, Nouvelle-Cal\u00e9donie<br \/>\n<strong>Social capital\u00a0:<\/strong> 100 000 Franc CFP<br \/>\n<strong>Email address\u00a0:<\/strong> <a href=\"mailto:korail@mls.nc?subject=Contact \u00e0 partir des mentions l\u00e9gales de www.korail.nc\">korail@mls.nc<\/a><br \/>\n<strong>Phone number\u00a0:<\/strong> (+687) 46 06 84<br \/>\n<strong>Commercial and Companies registry\u00a0number\u00a0:<\/strong>\u00a0R.C.S. NOUMEA 2014 B 1 213 628 (2014 B 192)<\/div>\n<h5>Korail Pont-Des-Fran\u00e7ais\u00a0:<\/h5>\n<div class=\"infosLegalesMagasin\"><strong>Company name\u00a0:<\/strong> Korail P.D.F.<br \/>\n<strong>Legal form\u00a0:<\/strong> SARL<br \/>\n<strong>Head office address\u00a0:<\/strong> 390 bis avenue des Deux Baies, Centre Commercial Lieu-dit Pont-Des-Fran\u00e7ais, 98809 Mont Dore, Nouvelle-Cal\u00e9donie<br \/>\n<strong>Social capital\u00a0:<\/strong> 15 000 000 Franc CFP<br \/>\n<strong>Email address\u00a0:<\/strong> <a href=\"mailto:korail@mls.nc?subject=Contact \u00e0 partir des mentions l\u00e9gales de www.korail.nc\">korail@mls.nc<\/a><br \/>\n<strong>Phone number\u00a0:<\/strong> (+687) 43 86 36<br \/>\n<strong>Commercial and Companies registry\u00a0number\u00a0:<\/strong> 001 239 045 R.C.S. Noum\u00e9a<\/div>\n<h5>SN-Import\u00a0:<\/h5>\n<div class=\"infosLegalesMagasin\"><strong>Company name\u00a0:<\/strong> SOCIETE DE NEGOCE &amp; IMORT<br \/>\n<strong>Legal form\u00a0:<\/strong> SARL<br \/>\n<strong>Head office address\u00a0:<\/strong> 4 impasse Faraday, Ducos, 98800 Noum\u00e9a, Nouvelle-Cal\u00e9donie<br \/>\n<strong>Social capital\u00a0:<\/strong> 1 000 000 Franc CFP<br \/>\n<strong>Email address\u00a0:<\/strong> <a href=\"mailto:snimport@hotmail.fr?subject=Contact \u00e0 partir des mentions l\u00e9gales de www.korail.nc\">snimport@hotmail.fr<\/a><br \/>\n<strong>Phone number\u00a0:<\/strong> (+687) 46 27 46<br \/>\n<strong>Commercial and Companies registry\u00a0number\u00a0:<\/strong> 001 066 802 R.C.S. Noum\u00e9a<\/div>\n<h4>Creation, publication and hosting\u00a0:<\/h4>\n<p><strong>Website creation\u00a0:<\/strong> Marius Corbi\u00e8re, marius.corbiere@gmail.com<br \/>\n<strong>Publication manager\u00a0:<\/strong> J\u00e9r\u00f4me Espalieu<br \/>\nThe publication manager is a natural person.<br \/>\n<strong>Website hosting\u00a0:<\/strong> Helium, <a href=\"https:\/\/helium.nc\/\" target=\"_blank\" rel=\"noopener\">https:\/\/helium.nc\/<\/a><\/p>\n<h3>2. Services description<\/h3>\n<p>The purpose of the <a href=\"https:\/\/korail.nc\">www.korail.nc<\/a> site is to provide information concerning all the company&#8217;s activities. We strive to provide as accurate information as possible on our site. However, we cannot be held responsible for omissions, inaccuracies or deficiencies in the update, whether on our fault or on the fault of our partners who provide us with this information. All the information proposed on the site <a href=\"https:\/\/korail.nc\">www.korail.nc<\/a> is given as an indication, are not exhaustive, and are susceptible to evolve. They are provided under reserve of modifications having been made since their posting online.<\/p>\n<h3>3. Intellectual property and counterfeit<\/h3>\n<p>The owner of the site is the owner of the intellectual property rights or has the rights of use on all the elements accessible on the site, in particular the texts, images, graphics, logo, icons, sounds, software&#8230; Any reproduction, representation, modification, publication, total or partial adaptation of the elements of the site, whatever the means or the process used, is prohibited, except in case of prior written authorization delivered by the Korail company. Any unauthorized use of the site or any of the elements it contains will be considered as constituting an infringement and prosecuted in accordance with the terms of articles L.335-2 and following of the Intellectual Property Code.<\/p>\n<h3>4. Limitations on liability<\/h3>\n<p>Areas dedicated to social networks (Facebook pages and associated contact areas) are available to users. The use of Facebook areas is subject to facebook.com&#8217;s terms of use. In case of content posted in these areas in violation of the legislation applied in France and New Caledonia, Korail may remove such content without prior notice. Korail also reserves the right to hold the user liable under civil and\/or criminal law, particularly in the case of racist, insulting, defamatory or pornographic messages.<\/p>\n<h3 id=\"cookies\">5. Hyperlinks and cookies<\/h3>\n<p>The <a href=\"https:\/\/korail.nc\">www.korail.nc<\/a> website contains a limited number of hypertext links to other sites (partners, information, etc.) set up with their authorisation. However, the owner of the site does not have the possibility to check the content of the sites thus visited and therefore declines any responsibility for this fact regarding the possible risks of illegal content. The user is informed that during his visits to the site <a href=\"https:\/\/korail.nc\">www.korail.nc<\/a>, one or more cookies may be installed on his computer if permission is granted to <a href=\"https:\/\/korail.nc\">www.korail.nc<\/a> upon arrival on the site. A cookie is a small file, which does not allow the identification of the user, but which stores information relating to the navigation of a computer on a site. The data collected in this way are intended to facilitate subsequent navigation on the site, and are also intended to allow for various statistics on the number of visitors. The browser settings allow you to inform of the presence of cookies and possibly to refuse in the method described at the following address: <a href=\"https:\/\/www.cnil.fr\">www.cnil.fr<\/a>. Refusing to install a cookie may result in the impossibility of accessing certain services and\/or alter the functioning of the site.<\/p>\n<\/div>\n","protected":false},"excerpt":{"rendered":"<p>Legal Notices 1. Website presentation In accordance with the acticles 6-III and 19 of the law n\u00b0 2004-575, 21 juin 2004 for the\u00a0confidence in the digital economy (L.C.E.N.), we provide the following information to users an visitors of\u00a0www.korail.nc\u00a0: Legal information\u00a0: Korail Baco\u00a0: Company name\u00a0:\u00a0STS BACO Legal form\u00a0: SARL Head office address\u00a0: Lot 3 PIE section [&hellip;]<\/p>\n","protected":false},"author":1,"featured_media":0,"parent":0,"menu_order":2,"comment_status":"closed","ping_status":"closed","template":"template-page-standard-full-width.php","meta":{"_locale":"en_US","_original_post":"426","footnotes":""},"class_list":["post-502","page","type-page","status-publish","hentry","en-US"],"yoast_head":"<!-- This site is optimized with the Yoast SEO plugin v25.1 - https:\/\/yoast.com\/wordpress\/plugins\/seo\/ -->\n<title>Legal notices &#8211; Korail, Caledonian supemarket network<\/title>\n<meta name=\"description\" content=\"Legal notices of the Korail website. Website presentation, legal information. Publication manager : J\u00e9r\u00f4me Espalieu. Website created by : Marius Corbi\u00e8re.\" \/>\n<meta name=\"robots\" content=\"index, follow, max-snippet:-1, max-image-preview:large, max-video-preview:-1\" \/>\n<link rel=\"canonical\" href=\"https:\/\/korail.nc\/en\/mentions-legales\/\" \/>\n<meta property=\"og:locale\" content=\"en_US\" \/>\n<meta property=\"og:type\" content=\"article\" \/>\n<meta property=\"og:title\" content=\"Legal notices &#8211; Korail, Caledonian supemarket network\" \/>\n<meta property=\"og:description\" content=\"Legal notices of the Korail website. Website presentation, legal information. Publication manager : J\u00e9r\u00f4me Espalieu. Website created by : Marius Corbi\u00e8re.\" \/>\n<meta property=\"og:url\" content=\"https:\/\/korail.nc\/en\/mentions-legales\/\" \/>\n<meta property=\"og:site_name\" content=\"Korail\" \/>\n<meta property=\"article:publisher\" content=\"https:\/\/www.facebook.com\/korailpdf\" \/>\n<meta property=\"article:modified_time\" content=\"2021-03-03T07:05:57+00:00\" \/>\n<meta name=\"twitter:card\" content=\"summary_large_image\" \/>\n<meta name=\"twitter:label1\" content=\"Est. reading time\" \/>\n\t<meta name=\"twitter:data1\" content=\"4 minutes\" \/>\n<script type=\"application\/ld+json\" class=\"yoast-schema-graph\">{\"@context\":\"https:\/\/schema.org\",\"@graph\":[{\"@type\":\"WebPage\",\"@id\":\"https:\/\/korail.nc\/en\/mentions-legales\/\",\"url\":\"https:\/\/korail.nc\/en\/mentions-legales\/\",\"name\":\"Legal notices &#8211; Korail, Caledonian supemarket network\",\"isPartOf\":{\"@id\":\"https:\/\/korail.nc\/#website\"},\"datePublished\":\"2018-05-03T04:28:41+00:00\",\"dateModified\":\"2021-03-03T07:05:57+00:00\",\"description\":\"Legal notices of the Korail website. Website presentation, legal information. Publication manager : J\u00e9r\u00f4me Espalieu. Website created by : Marius Corbi\u00e8re.\",\"breadcrumb\":{\"@id\":\"https:\/\/korail.nc\/en\/mentions-legales\/#breadcrumb\"},\"inLanguage\":\"en-US\",\"potentialAction\":[{\"@type\":\"ReadAction\",\"target\":[\"https:\/\/korail.nc\/en\/mentions-legales\/\"]}]},{\"@type\":\"BreadcrumbList\",\"@id\":\"https:\/\/korail.nc\/en\/mentions-legales\/#breadcrumb\",\"itemListElement\":[{\"@type\":\"ListItem\",\"position\":1,\"name\":\"\",\"item\":\"https:\/\/korail.nc\/en\/\"},{\"@type\":\"ListItem\",\"position\":2,\"name\":\"Legal Notices\"}]},{\"@type\":\"WebSite\",\"@id\":\"https:\/\/korail.nc\/#website\",\"url\":\"https:\/\/korail.nc\/\",\"name\":\"Korail\",\"description\":\"\",\"publisher\":{\"@id\":\"https:\/\/korail.nc\/#organization\"},\"potentialAction\":[{\"@type\":\"SearchAction\",\"target\":{\"@type\":\"EntryPoint\",\"urlTemplate\":\"https:\/\/korail.nc\/?s={search_term_string}\"},\"query-input\":{\"@type\":\"PropertyValueSpecification\",\"valueRequired\":true,\"valueName\":\"search_term_string\"}}],\"inLanguage\":\"en-US\"},{\"@type\":\"Organization\",\"@id\":\"https:\/\/korail.nc\/#organization\",\"name\":\"Korail Supermarch\u00e9\",\"url\":\"https:\/\/korail.nc\/\",\"logo\":{\"@type\":\"ImageObject\",\"inLanguage\":\"en-US\",\"@id\":\"https:\/\/korail.nc\/#\/schema\/logo\/image\/\",\"url\":\"https:\/\/korail.nc\/wp-content\/uploads\/2018\/04\/Korail-Supermarche_Reverse-Orange_RGB.png\",\"contentUrl\":\"https:\/\/korail.nc\/wp-content\/uploads\/2018\/04\/Korail-Supermarche_Reverse-Orange_RGB.png\",\"width\":1200,\"height\":624,\"caption\":\"Korail Supermarch\u00e9\"},\"image\":{\"@id\":\"https:\/\/korail.nc\/#\/schema\/logo\/image\/\"},\"sameAs\":[\"https:\/\/www.facebook.com\/korailpdf\"]}]}<\/script>\n<!-- \/ Yoast SEO plugin. -->","yoast_head_json":{"title":"Legal notices &#8211; Korail, Caledonian supemarket network","description":"Legal notices of the Korail website. Website presentation, legal information. Publication manager : J\u00e9r\u00f4me Espalieu. Website created by : Marius Corbi\u00e8re.","robots":{"index":"index","follow":"follow","max-snippet":"max-snippet:-1","max-image-preview":"max-image-preview:large","max-video-preview":"max-video-preview:-1"},"canonical":"https:\/\/korail.nc\/en\/mentions-legales\/","og_locale":"en_US","og_type":"article","og_title":"Legal notices &#8211; Korail, Caledonian supemarket network","og_description":"Legal notices of the Korail website. Website presentation, legal information. Publication manager : J\u00e9r\u00f4me Espalieu. Website created by : Marius Corbi\u00e8re.","og_url":"https:\/\/korail.nc\/en\/mentions-legales\/","og_site_name":"Korail","article_publisher":"https:\/\/www.facebook.com\/korailpdf","article_modified_time":"2021-03-03T07:05:57+00:00","twitter_card":"summary_large_image","twitter_misc":{"Est. reading time":"4 minutes"},"schema":{"@context":"https:\/\/schema.org","@graph":[{"@type":"WebPage","@id":"https:\/\/korail.nc\/en\/mentions-legales\/","url":"https:\/\/korail.nc\/en\/mentions-legales\/","name":"Legal notices &#8211; Korail, Caledonian supemarket network","isPartOf":{"@id":"https:\/\/korail.nc\/#website"},"datePublished":"2018-05-03T04:28:41+00:00","dateModified":"2021-03-03T07:05:57+00:00","description":"Legal notices of the Korail website. Website presentation, legal information. Publication manager : J\u00e9r\u00f4me Espalieu. Website created by : Marius Corbi\u00e8re.","breadcrumb":{"@id":"https:\/\/korail.nc\/en\/mentions-legales\/#breadcrumb"},"inLanguage":"en-US","potentialAction":[{"@type":"ReadAction","target":["https:\/\/korail.nc\/en\/mentions-legales\/"]}]},{"@type":"BreadcrumbList","@id":"https:\/\/korail.nc\/en\/mentions-legales\/#breadcrumb","itemListElement":[{"@type":"ListItem","position":1,"name":"","item":"https:\/\/korail.nc\/en\/"},{"@type":"ListItem","position":2,"name":"Legal Notices"}]},{"@type":"WebSite","@id":"https:\/\/korail.nc\/#website","url":"https:\/\/korail.nc\/","name":"Korail","description":"","publisher":{"@id":"https:\/\/korail.nc\/#organization"},"potentialAction":[{"@type":"SearchAction","target":{"@type":"EntryPoint","urlTemplate":"https:\/\/korail.nc\/?s={search_term_string}"},"query-input":{"@type":"PropertyValueSpecification","valueRequired":true,"valueName":"search_term_string"}}],"inLanguage":"en-US"},{"@type":"Organization","@id":"https:\/\/korail.nc\/#organization","name":"Korail Supermarch\u00e9","url":"https:\/\/korail.nc\/","logo":{"@type":"ImageObject","inLanguage":"en-US","@id":"https:\/\/korail.nc\/#\/schema\/logo\/image\/","url":"https:\/\/korail.nc\/wp-content\/uploads\/2018\/04\/Korail-Supermarche_Reverse-Orange_RGB.png","contentUrl":"https:\/\/korail.nc\/wp-content\/uploads\/2018\/04\/Korail-Supermarche_Reverse-Orange_RGB.png","width":1200,"height":624,"caption":"Korail Supermarch\u00e9"},"image":{"@id":"https:\/\/korail.nc\/#\/schema\/logo\/image\/"},"sameAs":["https:\/\/www.facebook.com\/korailpdf"]}]}},"_links":{"self":[{"href":"https:\/\/korail.nc\/wp-json\/wp\/v2\/pages\/502","targetHints":{"allow":["GET"]}}],"collection":[{"href":"https:\/\/korail.nc\/wp-json\/wp\/v2\/pages"}],"about":[{"href":"https:\/\/korail.nc\/wp-json\/wp\/v2\/types\/page"}],"author":[{"embeddable":true,"href":"https:\/\/korail.nc\/wp-json\/wp\/v2\/users\/1"}],"replies":[{"embeddable":true,"href":"https:\/\/korail.nc\/wp-json\/wp\/v2\/comments?post=502"}],"version-history":[{"count":1,"href":"https:\/\/korail.nc\/wp-json\/wp\/v2\/pages\/502\/revisions"}],"predecessor-version":[{"id":2044,"href":"https:\/\/korail.nc\/wp-json\/wp\/v2\/pages\/502\/revisions\/2044"}],"wp:attachment":[{"href":"https:\/\/korail.nc\/wp-json\/wp\/v2\/media?parent=502"}],"curies":[{"name":"wp","href":"https:\/\/api.w.org\/{rel}","templated":true}]}}