{"id":528,"date":"2018-05-04T10:40:40","date_gmt":"2018-05-03T23:40:40","guid":{"rendered":"https:\/\/korail.nc\/?page_id=528"},"modified":"2023-10-18T16:37:36","modified_gmt":"2023-10-18T05:37:36","slug":"sn-import","status":"publish","type":"page","link":"https:\/\/korail.nc\/en\/sn-import\/","title":{"rendered":"SN Import"},"content":{"rendered":"<h2>SN Import<\/h2>\n<div class=\"informations\">\n<div class=\"column column1\">\n<h4 style=\"text-align: left;\"><i class=\"fa fa-map-o\"><\/i> Address<\/h4>\n<div style=\"text-align: left;\"><span lang=\"FR\">12 rue des Charpentiers ZAC PANDA.<\/span><\/div>\n<div style=\"text-align: left;\"><span class=\"_2iem\">98800 Noum\u00e9a<\/span><\/div>\n<div style=\"text-align: left;\"><a href=\"#plan\"><span class=\"_2iem\"><i class=\"fa fa-map-marker\"><\/i> See on the map<\/span><\/a><\/div>\n<\/div>\n<div class=\"column column2\">\n<h4 style=\"text-align: left;\"><i class=\"fa fa-clock-o\"><\/i> Opening Hours<\/h4>\n<div style=\"text-align: left;\"><span class=\"_2iem\"><b>Office<\/b><\/span><\/div>\n<div style=\"text-align: left;\"><span class=\"_2iem\">Monday-Thursday\u00a0: 7h30-12h00 et 12h45-16h15<\/span><\/div>\n<div style=\"text-align: left;\"><span class=\"_2iem\">Friday\u00a0: 7h30-12h00 et 12h45-15h15<\/span><\/div>\n<div style=\"text-align: left;\"><span class=\"_2iem\"><b>Dock<\/b><\/span><\/div>\n<div style=\"text-align: left;\"><span class=\"_2iem\">Monday-Thursday\u00a0: 6h30-15h00<\/span><\/div>\n<div style=\"text-align: left;\"><span class=\"_2iem\">Friday\u00a0: 6h30-14h00<\/span><\/div>\n<\/div>\n<\/div>\n<p><img loading=\"lazy\" decoding=\"async\" class=\"alignnone wp-image-2185 size-medium\" src=\"https:\/\/korail.nc\/wp-content\/uploads\/2023\/10\/SN-LOGO-SANS-GROUPE-300x300.png\" alt=\"\" width=\"300\" height=\"300\" srcset=\"https:\/\/korail.nc\/wp-content\/uploads\/2023\/10\/SN-LOGO-SANS-GROUPE-300x300.png 300w, https:\/\/korail.nc\/wp-content\/uploads\/2023\/10\/SN-LOGO-SANS-GROUPE-1024x1024.png 1024w, https:\/\/korail.nc\/wp-content\/uploads\/2023\/10\/SN-LOGO-SANS-GROUPE-150x150.png 150w, https:\/\/korail.nc\/wp-content\/uploads\/2023\/10\/SN-LOGO-SANS-GROUPE-768x768.png 768w, https:\/\/korail.nc\/wp-content\/uploads\/2023\/10\/SN-LOGO-SANS-GROUPE.png 1300w\" sizes=\"auto, (max-width: 300px) 100vw, 300px\" \/><\/p>\n<h3>Pourquoi SN IMPORT a \u00e9t\u00e9 cr\u00e9\u00e9\u00a0?<\/h3>\n<p>Le magasin\u00a0Korail Alimentation\u00a0bas\u00e9 sur Lifou a \u00e9t\u00e9 cr\u00e9\u00e9 en 2000 par Jean-Marc ESPALIEU. Apr\u00e8s quelques ann\u00e9es d\u2019exploitation, Korail Alimentation se dirige de plus en plus vers l\u2019import par souci de comp\u00e9titivit\u00e9. La cr\u00e9ation de la soci\u00e9t\u00e9 SN IMPORT se r\u00e9v\u00e8le donc indispensable pour assurer un suivi logistique et un d\u00e9marchage commercial de qualit\u00e9. \u00a0 SN IMPORT est un bureau d\u2019achat cr\u00e9\u00e9 en juin 2011 dont le repr\u00e9sentant est M. J\u00e9r\u00f4me ESPALIEU.<\/p>\n<h3>SN IMPORT a plusieurs types d\u2019adh\u00e9rents<\/h3>\n<p>&#8211; Commerce ind\u00e9pendant: acc\u00e8s \u00e0 des plateformes m\u00e9tropolitaines proposant une large gamme de produits \u00e0 fort potentiel (bon rapport qualit\u00e9 prix, packaging en fran\u00e7ais \u2026) ainsi qu\u2019aux marques nationales. &#8211; L\u2019isolement \u00e9conomique des \u00eeles Loyaut\u00e9s incite les entrepreneurs, restaurateurs, particuliers, \u00e0 faire appel \u00e0 SN IMPORT qui assure un service de d\u00e9marchage, achat, livraison, empotage et suivi jusqu\u2019\u00e0 destination. Gr\u00e2ce au volume transit\u00e9 par Korail Alimentation entre Noum\u00e9a et les \u00eeles Loyaut\u00e9s, des liens privil\u00e9gi\u00e9s se sont tiss\u00e9s avec les compagnies maritimes qui permettent aux adh\u00e9rents d\u2019en b\u00e9n\u00e9ficier. \u00a0 Depuis la cr\u00e9ation de Korail Market Dumbea, SN IMPORT est charg\u00e9 de tous les imports pour ce magasin de proximit\u00e9 situ\u00e9 sur la Grande Terre. Nous souhaitons implanter ce type de magasins g\u00e9r\u00e9s par des ind\u00e9pendants dans toute la Nouvelle-Cal\u00e9donie. SN IMPORT sera charg\u00e9 de leur d\u00e9veloppement en amenant un suivi logistique et une meilleure rentabilit\u00e9. \u00a0 SN IMPORT souhaite f\u00e9d\u00e9rer des commerces ind\u00e9pendants pour am\u00e9liorer la puissance d&#8217;achat sur le plan local et international. Plusieurs projets sont \u00e0 l&#8217;\u00e9tude pour les ann\u00e9es \u00e0 venir.<\/p>\n<h4 id=\"plan\" style=\"text-align: left;\">Access map<\/h4>\n<p><iframe loading=\"lazy\" style=\"border: 0;\" src=\"https:\/\/www.google.com\/maps\/embed?pb=!1m18!1m12!1m3!1d2100.4714532926205!2d166.44671697623704!3d-22.18152842502379!2m3!1f0!2f0!3f0!3m2!1i1024!2i768!4f13.1!3m3!1m2!1s0x6c27fd9c5f4b3a4f%3A0x88b856eaa7f6b86!2sSN%20IMPORT!5e1!3m2!1sen!2sfr!4v1683775388594!5m2!1sen!2sfr\" width=\"800\" height=\"600\" allowfullscreen=\"allowfullscreen\"><\/iframe><\/p>\n<p id=\"lienContact\"><a href=\"[insert_php] echo esc_url( __( WP_HOME . '\/en\/contact\/#snimport' ) ); [\/insert_php]\">Contact SN Import<\/a><\/p>\n","protected":false},"excerpt":{"rendered":"<p>SN Import Address 12 rue des Charpentiers ZAC PANDA. 98800 Noum\u00e9a See on the map Opening Hours Office Monday-Thursday\u00a0: 7h30-12h00 et 12h45-16h15 Friday\u00a0: 7h30-12h00 et 12h45-15h15 Dock Monday-Thursday\u00a0: 6h30-15h00 Friday\u00a0: 6h30-14h00 Pourquoi SN IMPORT a \u00e9t\u00e9 cr\u00e9\u00e9\u00a0? Le magasin\u00a0Korail Alimentation\u00a0bas\u00e9 sur Lifou a \u00e9t\u00e9 cr\u00e9\u00e9 en 2000 par Jean-Marc ESPALIEU. Apr\u00e8s quelques ann\u00e9es d\u2019exploitation, Korail [&hellip;]<\/p>\n","protected":false},"author":1,"featured_media":0,"parent":0,"menu_order":2,"comment_status":"closed","ping_status":"closed","template":"template-page-standard.php","meta":{"_locale":"en_US","_original_post":"19","footnotes":""},"class_list":["post-528","page","type-page","status-publish","hentry","en-US"],"yoast_head":"<!-- This site is optimized with the Yoast SEO plugin v25.1 - https:\/\/yoast.com\/wordpress\/plugins\/seo\/ -->\n<title>SN Import &#8211; Korail, Caledonian supermarket network<\/title>\n<meta name=\"description\" content=\"SN Import is a purchasing and distribution office of the Korail group created in June 2011 whose representative is Mr J\u00e9r\u00f4me Espalieu.\" \/>\n<meta name=\"robots\" content=\"index, follow, max-snippet:-1, max-image-preview:large, max-video-preview:-1\" \/>\n<link rel=\"canonical\" href=\"https:\/\/korail.nc\/en\/sn-import\/\" \/>\n<meta property=\"og:locale\" content=\"en_US\" \/>\n<meta property=\"og:type\" content=\"article\" \/>\n<meta property=\"og:title\" content=\"SN Import &#8211; Korail, Caledonian supermarket network\" \/>\n<meta property=\"og:description\" content=\"SN Import is a purchasing and distribution office of the Korail group created in June 2011 whose representative is Mr J\u00e9r\u00f4me Espalieu.\" \/>\n<meta property=\"og:url\" content=\"https:\/\/korail.nc\/en\/sn-import\/\" \/>\n<meta property=\"og:site_name\" content=\"Korail\" \/>\n<meta property=\"article:publisher\" content=\"https:\/\/www.facebook.com\/korailpdf\" \/>\n<meta property=\"article:modified_time\" content=\"2023-10-18T05:37:36+00:00\" \/>\n<meta property=\"og:image\" content=\"https:\/\/korail.nc\/wp-content\/uploads\/2023\/10\/SN-LOGO-SANS-GROUPE-300x300.png\" \/>\n<meta name=\"twitter:card\" content=\"summary_large_image\" \/>\n<meta name=\"twitter:label1\" content=\"Est. reading time\" \/>\n\t<meta name=\"twitter:data1\" content=\"2 minutes\" \/>\n<script type=\"application\/ld+json\" class=\"yoast-schema-graph\">{\"@context\":\"https:\/\/schema.org\",\"@graph\":[{\"@type\":\"WebPage\",\"@id\":\"https:\/\/korail.nc\/en\/sn-import\/\",\"url\":\"https:\/\/korail.nc\/en\/sn-import\/\",\"name\":\"SN Import &#8211; Korail, Caledonian supermarket network\",\"isPartOf\":{\"@id\":\"https:\/\/korail.nc\/#website\"},\"primaryImageOfPage\":{\"@id\":\"https:\/\/korail.nc\/en\/sn-import\/#primaryimage\"},\"image\":{\"@id\":\"https:\/\/korail.nc\/en\/sn-import\/#primaryimage\"},\"thumbnailUrl\":\"https:\/\/korail.nc\/wp-content\/uploads\/2023\/10\/SN-LOGO-SANS-GROUPE-300x300.png\",\"datePublished\":\"2018-05-03T23:40:40+00:00\",\"dateModified\":\"2023-10-18T05:37:36+00:00\",\"description\":\"SN Import is a purchasing and distribution office of the Korail group created in June 2011 whose representative is Mr J\u00e9r\u00f4me Espalieu.\",\"breadcrumb\":{\"@id\":\"https:\/\/korail.nc\/en\/sn-import\/#breadcrumb\"},\"inLanguage\":\"en-US\",\"potentialAction\":[{\"@type\":\"ReadAction\",\"target\":[\"https:\/\/korail.nc\/en\/sn-import\/\"]}]},{\"@type\":\"ImageObject\",\"inLanguage\":\"en-US\",\"@id\":\"https:\/\/korail.nc\/en\/sn-import\/#primaryimage\",\"url\":\"https:\/\/korail.nc\/wp-content\/uploads\/2023\/10\/SN-LOGO-SANS-GROUPE.png\",\"contentUrl\":\"https:\/\/korail.nc\/wp-content\/uploads\/2023\/10\/SN-LOGO-SANS-GROUPE.png\",\"width\":1300,\"height\":1300},{\"@type\":\"BreadcrumbList\",\"@id\":\"https:\/\/korail.nc\/en\/sn-import\/#breadcrumb\",\"itemListElement\":[{\"@type\":\"ListItem\",\"position\":1,\"name\":\"\",\"item\":\"https:\/\/korail.nc\/en\/\"},{\"@type\":\"ListItem\",\"position\":2,\"name\":\"SN Import\"}]},{\"@type\":\"WebSite\",\"@id\":\"https:\/\/korail.nc\/#website\",\"url\":\"https:\/\/korail.nc\/\",\"name\":\"Korail\",\"description\":\"\",\"publisher\":{\"@id\":\"https:\/\/korail.nc\/#organization\"},\"potentialAction\":[{\"@type\":\"SearchAction\",\"target\":{\"@type\":\"EntryPoint\",\"urlTemplate\":\"https:\/\/korail.nc\/?s={search_term_string}\"},\"query-input\":{\"@type\":\"PropertyValueSpecification\",\"valueRequired\":true,\"valueName\":\"search_term_string\"}}],\"inLanguage\":\"en-US\"},{\"@type\":\"Organization\",\"@id\":\"https:\/\/korail.nc\/#organization\",\"name\":\"Korail Supermarch\u00e9\",\"url\":\"https:\/\/korail.nc\/\",\"logo\":{\"@type\":\"ImageObject\",\"inLanguage\":\"en-US\",\"@id\":\"https:\/\/korail.nc\/#\/schema\/logo\/image\/\",\"url\":\"https:\/\/korail.nc\/wp-content\/uploads\/2018\/04\/Korail-Supermarche_Reverse-Orange_RGB.png\",\"contentUrl\":\"https:\/\/korail.nc\/wp-content\/uploads\/2018\/04\/Korail-Supermarche_Reverse-Orange_RGB.png\",\"width\":1200,\"height\":624,\"caption\":\"Korail Supermarch\u00e9\"},\"image\":{\"@id\":\"https:\/\/korail.nc\/#\/schema\/logo\/image\/\"},\"sameAs\":[\"https:\/\/www.facebook.com\/korailpdf\"]}]}<\/script>\n<!-- \/ Yoast SEO plugin. -->","yoast_head_json":{"title":"SN Import &#8211; Korail, Caledonian supermarket network","description":"SN Import is a purchasing and distribution office of the Korail group created in June 2011 whose representative is Mr J\u00e9r\u00f4me Espalieu.","robots":{"index":"index","follow":"follow","max-snippet":"max-snippet:-1","max-image-preview":"max-image-preview:large","max-video-preview":"max-video-preview:-1"},"canonical":"https:\/\/korail.nc\/en\/sn-import\/","og_locale":"en_US","og_type":"article","og_title":"SN Import &#8211; Korail, Caledonian supermarket network","og_description":"SN Import is a purchasing and distribution office of the Korail group created in June 2011 whose representative is Mr J\u00e9r\u00f4me Espalieu.","og_url":"https:\/\/korail.nc\/en\/sn-import\/","og_site_name":"Korail","article_publisher":"https:\/\/www.facebook.com\/korailpdf","article_modified_time":"2023-10-18T05:37:36+00:00","og_image":[{"url":"https:\/\/korail.nc\/wp-content\/uploads\/2023\/10\/SN-LOGO-SANS-GROUPE-300x300.png","type":"","width":"","height":""}],"twitter_card":"summary_large_image","twitter_misc":{"Est. reading time":"2 minutes"},"schema":{"@context":"https:\/\/schema.org","@graph":[{"@type":"WebPage","@id":"https:\/\/korail.nc\/en\/sn-import\/","url":"https:\/\/korail.nc\/en\/sn-import\/","name":"SN Import &#8211; Korail, Caledonian supermarket network","isPartOf":{"@id":"https:\/\/korail.nc\/#website"},"primaryImageOfPage":{"@id":"https:\/\/korail.nc\/en\/sn-import\/#primaryimage"},"image":{"@id":"https:\/\/korail.nc\/en\/sn-import\/#primaryimage"},"thumbnailUrl":"https:\/\/korail.nc\/wp-content\/uploads\/2023\/10\/SN-LOGO-SANS-GROUPE-300x300.png","datePublished":"2018-05-03T23:40:40+00:00","dateModified":"2023-10-18T05:37:36+00:00","description":"SN Import is a purchasing and distribution office of the Korail group created in June 2011 whose representative is Mr J\u00e9r\u00f4me Espalieu.","breadcrumb":{"@id":"https:\/\/korail.nc\/en\/sn-import\/#breadcrumb"},"inLanguage":"en-US","potentialAction":[{"@type":"ReadAction","target":["https:\/\/korail.nc\/en\/sn-import\/"]}]},{"@type":"ImageObject","inLanguage":"en-US","@id":"https:\/\/korail.nc\/en\/sn-import\/#primaryimage","url":"https:\/\/korail.nc\/wp-content\/uploads\/2023\/10\/SN-LOGO-SANS-GROUPE.png","contentUrl":"https:\/\/korail.nc\/wp-content\/uploads\/2023\/10\/SN-LOGO-SANS-GROUPE.png","width":1300,"height":1300},{"@type":"BreadcrumbList","@id":"https:\/\/korail.nc\/en\/sn-import\/#breadcrumb","itemListElement":[{"@type":"ListItem","position":1,"name":"","item":"https:\/\/korail.nc\/en\/"},{"@type":"ListItem","position":2,"name":"SN Import"}]},{"@type":"WebSite","@id":"https:\/\/korail.nc\/#website","url":"https:\/\/korail.nc\/","name":"Korail","description":"","publisher":{"@id":"https:\/\/korail.nc\/#organization"},"potentialAction":[{"@type":"SearchAction","target":{"@type":"EntryPoint","urlTemplate":"https:\/\/korail.nc\/?s={search_term_string}"},"query-input":{"@type":"PropertyValueSpecification","valueRequired":true,"valueName":"search_term_string"}}],"inLanguage":"en-US"},{"@type":"Organization","@id":"https:\/\/korail.nc\/#organization","name":"Korail Supermarch\u00e9","url":"https:\/\/korail.nc\/","logo":{"@type":"ImageObject","inLanguage":"en-US","@id":"https:\/\/korail.nc\/#\/schema\/logo\/image\/","url":"https:\/\/korail.nc\/wp-content\/uploads\/2018\/04\/Korail-Supermarche_Reverse-Orange_RGB.png","contentUrl":"https:\/\/korail.nc\/wp-content\/uploads\/2018\/04\/Korail-Supermarche_Reverse-Orange_RGB.png","width":1200,"height":624,"caption":"Korail Supermarch\u00e9"},"image":{"@id":"https:\/\/korail.nc\/#\/schema\/logo\/image\/"},"sameAs":["https:\/\/www.facebook.com\/korailpdf"]}]}},"_links":{"self":[{"href":"https:\/\/korail.nc\/wp-json\/wp\/v2\/pages\/528","targetHints":{"allow":["GET"]}}],"collection":[{"href":"https:\/\/korail.nc\/wp-json\/wp\/v2\/pages"}],"about":[{"href":"https:\/\/korail.nc\/wp-json\/wp\/v2\/types\/page"}],"author":[{"embeddable":true,"href":"https:\/\/korail.nc\/wp-json\/wp\/v2\/users\/1"}],"replies":[{"embeddable":true,"href":"https:\/\/korail.nc\/wp-json\/wp\/v2\/comments?post=528"}],"version-history":[{"count":3,"href":"https:\/\/korail.nc\/wp-json\/wp\/v2\/pages\/528\/revisions"}],"predecessor-version":[{"id":2187,"href":"https:\/\/korail.nc\/wp-json\/wp\/v2\/pages\/528\/revisions\/2187"}],"wp:attachment":[{"href":"https:\/\/korail.nc\/wp-json\/wp\/v2\/media?parent=528"}],"curies":[{"name":"wp","href":"https:\/\/api.w.org\/{rel}","templated":true}]}}